{"id":1199,"date":"2026-03-29T10:28:27","date_gmt":"2026-03-29T10:28:27","guid":{"rendered":"https:\/\/onegiveaways.com\/?post_type=product&#038;p=1199"},"modified":"2026-04-18T15:20:23","modified_gmt":"2026-04-18T15:20:23","slug":"win-this-2020-porsche-cayenne-or-35000-cash-alternative","status":"publish","type":"product","link":"https:\/\/onegiveaways.com\/ro\/produs\/win-this-2020-porsche-cayenne-or-35000-cash-alternative\/","title":{"rendered":"C\u00e2\u0219tig\u0103 Acest 2020 Porsche Cayenne sau \u00a335,000 Alternativ\u0103 Cash"},"content":{"rendered":"<p>Culoare: Negru metalizat<br \/>\nKilometraj: 62.000 km<br \/>\nAn de fabrica\u021bie: 2020<br \/>\nPutere motor: 340 CP<br \/>\nCombustibil: Benzin\u0103<br \/>\nTransmisie: Automat\u0103<br \/>\nTrac\u021biune: Integral\u0103 (AWD \/ 4\u00d74)<br \/>\nNorm\u0103 de poluare: Euro 6<\/p>\n<p>Op\u021biuni:<\/p>\n<p>Preg\u0103tire pentru dispozitiv de remorcare deta\u0219abil<br \/>\nOglinzi exterioare reglabile electric, rabatabile \u0219i \u00eenc\u0103lzite individual<br \/>\nMIRRORLINK<br \/>\nFunc\u021bie Pre Sense City<br \/>\nFunc\u021bii ECALL \u0219i BCALL<br \/>\nAsisten\u021b\u0103 la parcare fa\u021b\u0103 \u0219i spate<br \/>\nProtec\u021bie \u00eembun\u0103t\u0103\u021bit\u0103 pentru pietoni<br \/>\nSistem ACC cu InnoDrive \u0219i limitator de vitez\u0103<br \/>\nCutie automat\u0103 cu 8 trepte pentru trac\u021biune integral\u0103<br \/>\nFaruri LED<br \/>\nCamer\u0103 multifunc\u021bional\u0103<br \/>\nSistem de recunoa\u0219tere a indicatoarelor rutiere<br \/>\nReal Top View (sistem cu 4 camere)<br \/>\nVolan multifunc\u021bional cu 3 spi\u021be<br \/>\nReglaj electric \u00een 12 direc\u021bii pentru ambele scaune fa\u021b\u0103<br \/>\nAsisten\u021b\u0103 la intersec\u021bii<br \/>\nSistem Start-Stop \u201eactiv implicit\u201d cu recuperare de energie<br \/>\nEmergency Assist + Lane Keeping Assist + Traffic Jam Assist (EA + ALDW + ACA)<br \/>\nSistem de \u00eenchidere centralizat\u0103 Keyless Go<br \/>\nPachet \/ ceas Sport Chrono<\/p>","protected":false},"excerpt":{"rendered":"<p>* Color: Metallic Black * Mileage: 62,000 km * Year of manufacture: 2020 * Engine power: 340 HP * Fuel: Petrol * Transmission: Automatic * Drivetrain: AWD (4&#215;4) * Emission standard: Euro 6 **Options:** * Preparation for detachable towing device * Electrically adjustable, folding exterior mirrors, separately heated * MIRRORLINK * Pre Sense City function * ECALL and BCALL functions * Front and rear parking assist * Enhanced pedestrian protection * ACC system with InnoDrive and speed limiter * 8-speed automatic transmission for all-wheel drive * LED headlights * Multifunction camera * Traffic sign recognition system * Real Top View (4-camera system) * 3-spoke multifunction steering wheel * 12-way electric adjustment for both front seats * Intersection assist * Start-Stop system \u201cdefault on\u201d with energy recovery * Emergency Assist + Lane Keeping Assist + Traffic Jam Assist (EA + ALDW + ACA) * Keyless Go central locking system * Sport Chrono clock\/package<\/p>","protected":false},"featured_media":2023,"template":"","meta":[],"product_brand":[],"product_cat":[36],"product_tag":[],"class_list":{"0":"post-1199","1":"product","2":"type-product","3":"status-publish","4":"has-post-thumbnail","6":"product_cat-porsche","8":"first","9":"instock","10":"virtual","11":"purchasable","12":"product-type-lottery"},"jetpack_sharing_enabled":true,"_links":{"self":[{"href":"https:\/\/onegiveaways.com\/ro\/wp-json\/wp\/v2\/product\/1199","targetHints":{"allow":["GET"]}}],"collection":[{"href":"https:\/\/onegiveaways.com\/ro\/wp-json\/wp\/v2\/product"}],"about":[{"href":"https:\/\/onegiveaways.com\/ro\/wp-json\/wp\/v2\/types\/product"}],"wp:featuredmedia":[{"embeddable":true,"href":"https:\/\/onegiveaways.com\/ro\/wp-json\/wp\/v2\/media\/2023"}],"wp:attachment":[{"href":"https:\/\/onegiveaways.com\/ro\/wp-json\/wp\/v2\/media?parent=1199"}],"wp:term":[{"taxonomy":"product_brand","embeddable":true,"href":"https:\/\/onegiveaways.com\/ro\/wp-json\/wp\/v2\/product_brand?post=1199"},{"taxonomy":"product_cat","embeddable":true,"href":"https:\/\/onegiveaways.com\/ro\/wp-json\/wp\/v2\/product_cat?post=1199"},{"taxonomy":"product_tag","embeddable":true,"href":"https:\/\/onegiveaways.com\/ro\/wp-json\/wp\/v2\/product_tag?post=1199"}],"curies":[{"name":"wp","href":"https:\/\/api.w.org\/{rel}","templated":true}]}}