{"id":54,"date":"2026-03-13T08:23:30","date_gmt":"2026-03-13T08:23:30","guid":{"rendered":"https:\/\/mrcompetitions.co.uk\/?post_type=product&#038;p=54"},"modified":"2026-04-18T18:39:03","modified_gmt":"2026-04-18T18:39:03","slug":"win-this-bmw-530d-2022-3000-or-20000-tax-free","status":"publish","type":"product","link":"https:\/\/onegiveaways.com\/ro\/produs\/win-this-bmw-530d-2022-3000-or-20000-tax-free\/","title":{"rendered":"C\u00e2\u0219tig\u0103 acest BMW 530D 2022 sau \u00a325,000 F\u0103r\u0103 Taxe"},"content":{"rendered":"<p>Motor: B57 \u2013 286 CP Mild Hybrid<br \/>\nPrima \u00eenmatriculare: 01\/2022<br \/>\nTrac\u021biune: Spate (Rear-Wheel Drive)<br \/>\nCuloare: Donington Grey Metallic \/ Fueller Titansilber (culoare specific\u0103 BMW M5)<br \/>\nInterior: Piele Nappa Exclusive \/ Negru \/ Cus\u0103turi exclusive (LZFK)<\/p>\n<p>Dot\u0103ri &amp; Op\u021biuni:<\/p>\n<p>Scaune confort tip Seria 7, \u00eembr\u0103cate \u00een piele Nappa<br \/>\nIluminare ambiental\u0103<br \/>\nBMW Gesture Control<br \/>\nCenturi M<br \/>\nAsisten\u021b\u0103 automat\u0103 pentru faza lung\u0103<br \/>\nCruise control cu func\u021bie de fr\u00e2nare<br \/>\nBMW Live Cockpit Professional<br \/>\nSuspensie M Sport<br \/>\nScaune \u00eenc\u0103lzite<br \/>\nSistem de fr\u00e2nare de urgen\u021b\u0103<br \/>\nOrnamente interioare BMW \u2013 Piano Black<br \/>\nDetalii BMW Individual Satin Chrome lucios<br \/>\nPlafon BMW Individual antracit<br \/>\nOrnamente exterioare BMW Individual Shadowline lucios<br \/>\nFaruri BMW Laser cu Individual Shadowline<br \/>\nApple CarPlay<br \/>\nSistem de siguran\u021b\u0103 Active Guard<br \/>\nHead-Up Display<br \/>\nFr\u00e2ne M Sport<br \/>\nSistem monitorizare presiune anvelope<br \/>\nCamer\u0103 mar\u0219arier<br \/>\nTelefonie cu \u00eenc\u0103rcare wireless<br \/>\nSistem audio surround Harman\/Kardon<br \/>\nCruise control adaptiv cu func\u021bie de fr\u00e2nare<br \/>\nPlafon negru<br \/>\nParking Assistant<br \/>\nSistem de alarm\u0103<br \/>\nParbriz heliomat (auto-dimming)<br \/>\nAsisten\u021b\u0103 automat\u0103 faz\u0103 lung\u0103<br \/>\nSistem de naviga\u021bie mare<br \/>\nJante aliaj 20\u201d \u2013 Style 846 M<\/p>","protected":false},"excerpt":{"rendered":"<p>* Engine: B57 \u2013 286 HP Mild Hybrid * First registration: 01\/2022 * Drivetrain: Rear-wheel drive * Color: Donington Grey Metallic \/ Fueller Titansilber (BMW M5 specific color) * Interior: Exclusive Nappa Leather \/ Black \/ Exclusive stitching (LZFK) **Features &amp; Options:** * 7 Series comfort seats with Nappa leather * Ambient lighting * BMW Gesture Control * M seat belts * Automatic high-beam headlights control * Cruise control with braking function * BMW Live Cockpit Professional * M Sport suspension * Heated seats * Emergency braking system * BMW interior trim \u2013 Piano Finish Black * BMW Individual high-gloss Satin Chrome details * BMW Individual anthracite headliner * BMW Individual high-gloss Shadowline exterior trim * BMW Laser headlights with Individual Shadowline * Apple CarPlay * Active Guard safety system * Head-Up Display * M Sport brakes * Tire pressure monitoring system * Rear view camera * Telephony with wireless charging * Harman\/Kardon surround sound system * Adaptive cruise control with braking function * Black headliner * Parking Assistant * Alarm system * Auto-dimming (heliomat) windshield * Automatic high-beam assist * Large navigation system * 20\u201d alloy wheels \u2013 Style 846 M<\/p>","protected":false},"featured_media":2084,"template":"","meta":[],"product_brand":[],"product_cat":[20],"product_tag":[],"class_list":{"0":"post-54","1":"product","2":"type-product","3":"status-publish","4":"has-post-thumbnail","6":"product_cat-bmw","8":"first","9":"instock","10":"virtual","11":"purchasable","12":"product-type-lottery"},"jetpack_sharing_enabled":true,"_links":{"self":[{"href":"https:\/\/onegiveaways.com\/ro\/wp-json\/wp\/v2\/product\/54","targetHints":{"allow":["GET"]}}],"collection":[{"href":"https:\/\/onegiveaways.com\/ro\/wp-json\/wp\/v2\/product"}],"about":[{"href":"https:\/\/onegiveaways.com\/ro\/wp-json\/wp\/v2\/types\/product"}],"wp:featuredmedia":[{"embeddable":true,"href":"https:\/\/onegiveaways.com\/ro\/wp-json\/wp\/v2\/media\/2084"}],"wp:attachment":[{"href":"https:\/\/onegiveaways.com\/ro\/wp-json\/wp\/v2\/media?parent=54"}],"wp:term":[{"taxonomy":"product_brand","embeddable":true,"href":"https:\/\/onegiveaways.com\/ro\/wp-json\/wp\/v2\/product_brand?post=54"},{"taxonomy":"product_cat","embeddable":true,"href":"https:\/\/onegiveaways.com\/ro\/wp-json\/wp\/v2\/product_cat?post=54"},{"taxonomy":"product_tag","embeddable":true,"href":"https:\/\/onegiveaways.com\/ro\/wp-json\/wp\/v2\/product_tag?post=54"}],"curies":[{"name":"wp","href":"https:\/\/api.w.org\/{rel}","templated":true}]}}