{"id":84,"date":"2026-03-13T08:30:02","date_gmt":"2026-03-13T08:30:02","guid":{"rendered":"https:\/\/mrcompetitions.co.uk\/?post_type=product&#038;p=84"},"modified":"2026-04-20T18:11:47","modified_gmt":"2026-04-20T18:11:47","slug":"skoda","status":"publish","type":"product","link":"https:\/\/onegiveaways.com\/ro\/produs\/skoda\/","title":{"rendered":"C\u00e2\u0219tig\u0103 Aceast\u0103 Skoda Octavia 2014 (RS KIT)"},"content":{"rendered":"<p data-start=\"154\" data-end=\"297\">Intr\u0103 acum pentru \u0219ansa ta de a c\u00e2\u0219tiga o <strong data-start=\"189\" data-end=\"223\">Skoda Octavia 2014 cu pachet RS<\/strong>, un mix perfect \u00eentre design sportiv, fiabilitate \u0219i performan\u021b\u0103 de zi cu zi.<\/p>\n<hr data-start=\"299\" data-end=\"302\" \/>\n<h4 data-section-id=\"dp4to3\" data-start=\"304\" data-end=\"335\">\ud83d\udd25 CUM FUNC\u021aIONEAZ\u0102 COMPETI\u021aIA<\/h4>\n<p data-start=\"337\" data-end=\"369\">Este simplu \u0219i complet automat:<\/p>\n<ul data-start=\"371\" data-end=\"545\">\n<li data-section-id=\"5esaux\" data-start=\"371\" data-end=\"416\">Cumperi bilete \u00een <strong data-start=\"388\" data-end=\"414\">orice competi\u021bie activ\u0103<\/strong><\/li>\n<li data-section-id=\"10tv7yk\" data-start=\"417\" data-end=\"491\">Prime\u0219ti acela\u0219i <strong data-start=\"435\" data-end=\"466\">num\u0103r de particip\u0103ri GRATUITE<\/strong> pentru giveaway-ul Skoda<\/li>\n<li data-section-id=\"ukmcxe\" data-start=\"492\" data-end=\"545\">Cu c\u00e2t cumperi mai multe bilete, cu at\u00e2t \u00ee\u021bi cresc \u0219ansele<\/li>\n<\/ul>\n<p data-start=\"547\" data-end=\"621\">\ud83d\udc49 Example:<br data-start=\"558\" data-end=\"561\" \/>Buy <strong data-start=\"565\" data-end=\"579\">10 tickets<\/strong> \u2192 Get <strong data-start=\"586\" data-end=\"605\">10 FREE entries<\/strong> for the Skoda<\/p>\n<hr data-start=\"623\" data-end=\"626\" \/>\n<h4 data-section-id=\"nesh9g\" data-start=\"628\" data-end=\"645\">\u26a1 SISTEM BONUS<\/h4>\n<p data-start=\"647\" data-end=\"697\">Fiecare bilet cump\u0103rat = <strong data-start=\"675\" data-end=\"697\">1 participare GRATUIT\u0102 la Skoda<\/strong><\/p>\n<ul data-start=\"699\" data-end=\"773\">\n<li data-section-id=\"7ttoc6\" data-start=\"699\" data-end=\"721\">Cumperi 1 \u2192 Prime\u0219ti 1 GRATIS<\/li>\n<li data-section-id=\"olb3py\" data-start=\"722\" data-end=\"746\">Cumperi 25 \u2192 Prime\u0219ti 25 GRATIS<\/li>\n<li data-section-id=\"57chva\" data-start=\"747\" data-end=\"773\">Cumperi 100 \u2192 Prime\u0219ti 100 GRATIS<\/li>\n<\/ul>\n<p data-start=\"775\" data-end=\"832\">\u2705 F\u0103r\u0103 limite<br data-start=\"786\" data-end=\"789\" \/>\u2705  F\u0103r\u0103 cost extra<br data-start=\"804\" data-end=\"807\" \/>\u2705  Aplicat automat<\/p>\n<hr data-start=\"834\" data-end=\"837\" \/>\n<h4 data-section-id=\"17xjfvj\" data-start=\"839\" data-end=\"859\">\ud83c\udf9f\ufe0f  Detalii Participare<\/h4>\n<ul data-start=\"861\" data-end=\"978\">\n<li data-section-id=\"kvms84\" data-start=\"861\" data-end=\"900\"><strong data-start=\"863\" data-end=\"891\">Total particip\u0103ri disponibile:<\/strong> 30,000<\/li>\n<li data-section-id=\"6pej7p\" data-start=\"901\" data-end=\"927\"><strong data-start=\"903\" data-end=\"925\">1 bilet = 1 participare<\/strong><\/li>\n<li data-section-id=\"bpt2no\" data-start=\"928\" data-end=\"978\">Particip\u0103rile sunt alocate instant dup\u0103 achizi\u021bie<\/li>\n<\/ul>\n<hr data-start=\"980\" data-end=\"983\" \/>\n<h4 data-section-id=\"14mbfxe\" data-start=\"985\" data-end=\"1000\">\ud83d\ude97 PREMIUL<\/h4>\n<p data-start=\"1002\" data-end=\"1108\"><strong data-start=\"1002\" data-end=\"1033\">Skoda Octavia 2014 (pachet RS)<\/strong><br data-start=\"1033\" data-end=\"1036\" \/>O ma\u0219in\u0103 sportiv\u0103 \u0219i practic\u0103, ideal\u0103 at\u00e2t pentru utilizare zilnic\u0103, c\u00e2t \u0219i pentru drumuri lungi.<\/p>\n<ul data-start=\"1110\" data-end=\"1256\">\n<li data-section-id=\"1nn82kh\" data-start=\"1110\" data-end=\"1132\">Pachet stil RS<\/li>\n<li data-section-id=\"15w57a\" data-start=\"1133\" data-end=\"1170\">Interior confortabil \u0219i spa\u021bios<\/li>\n<li data-section-id=\"1fsrl70\" data-start=\"1171\" data-end=\"1204\">Motor eficient \u0219i fiabil<\/li>\n<li data-section-id=\"w3prq0\" data-start=\"1205\" data-end=\"1256\">Echilibru perfect \u00eentre performan\u021b\u0103 \u0219i economie<\/li>\n<\/ul>\n<hr data-start=\"1258\" data-end=\"1261\" \/>\n<h4 data-section-id=\"1g7cbn3\" data-start=\"1263\" data-end=\"1286\">\u23f3 OFERT\u0102 LIMITAT\u0102<\/h4>\n<p data-start=\"1288\" data-end=\"1348\">Aceasta este o <strong data-start=\"1298\" data-end=\"1323\">campanie limitat\u0103<\/strong>, iar num\u0103rul de particip\u0103ri este restric\u021bionat.<\/p>\n<p data-start=\"1350\" data-end=\"1442\">Dup\u0103 ce toate <strong data-start=\"1359\" data-end=\"1377\">cele 30.000 de particip\u0103ri<\/strong> sunt v\u00e2ndute, competi\u021bia se \u00eencheie \u0219i se va extrage un c\u00e2\u0219tig\u0103tor.<\/p>\n<hr data-start=\"1444\" data-end=\"1447\" \/>\n<h4 data-section-id=\"10nd4pi\" data-start=\"1449\" data-end=\"1471\">\ud83c\udfc6 SELECTAREA C\u00c2\u0218TIG\u0102TORULUI<\/h4>\n<ul data-start=\"1473\" data-end=\"1635\">\n<li data-section-id=\"11zo9vr\" data-start=\"1473\" data-end=\"1523\">C\u00e2\u0219tig\u0103torul este ales <strong data-start=\"1498\" data-end=\"1521\">aleatoriu \u0219i corect<\/strong><\/li>\n<li data-section-id=\"1u8txx0\" data-start=\"1524\" data-end=\"1589\">Extragerea are loc dup\u0103 v\u00e2nzarea tuturor biletelor sau la expirarea timpului<\/li>\n<li data-section-id=\"p3j0e8\" data-start=\"1590\" data-end=\"1635\">Procesul este transparent \u0219i verificabil<\/li>\n<\/ul>\n<hr data-start=\"1637\" data-end=\"1640\" \/>\n<h4 data-section-id=\"1s3zv56\" data-start=\"1642\" data-end=\"1662\">\ud83d\udcf2 R\u0102M\u00c2I CONECTAT<\/h4>\n<p data-start=\"1664\" data-end=\"1787\">Urm\u0103re\u0219te-ne pe <strong data-start=\"1677\" data-end=\"1712\">Instagram, TikTok \u0219i Facebook<\/strong><br data-start=\"1712\" data-end=\"1715\" \/>Al\u0103tur\u0103-te <strong data-start=\"1724\" data-end=\"1742\">grupului nostru de Telegram<\/strong> pentru nout\u0103\u021bi, c\u00e2\u0219tig\u0103tori \u0219i competi\u021bii noi<\/p>\n<hr data-start=\"1789\" data-end=\"1792\" \/>\n<h4 data-section-id=\"12k95dg\" data-start=\"1794\" data-end=\"1808\">\u2757 IMPORTANT<\/h4>\n<ul data-start=\"1810\" data-end=\"1959\">\n<li data-section-id=\"1a52wu2\" data-start=\"1810\" data-end=\"1842\">Nicio achizi\u021bie nu garanteaz\u0103 c\u00e2\u0219tigul<\/li>\n<li data-section-id=\"15bzhtv\" data-start=\"1843\" data-end=\"1897\">Cu c\u00e2t ai mai multe particip\u0103ri, cu at\u00e2t \u0219ansele tale cresc<\/li>\n<li data-section-id=\"n3amsz\" data-start=\"1898\" data-end=\"1959\">Deschis doar participan\u021bilor eligibili (vezi Termeni \u0219i Condi\u021bii)<\/li>\n<\/ul>","protected":false},"excerpt":{"rendered":"<p>Enter now for your chance to win a Skoda Octavia 2014 with RS Kit, a perfect blend of sporty design, reliability, and everyday performance. \ud83d\udd25 HOW THE COMPETITION WORKS It\u2019s simple and fully automatic: Buy tickets in any active competition You receive the same number of FREE entries for the Skoda giveaway The more tickets you buy, the higher your chances \ud83d\udc49 Example:Buy 10 tickets \u2192 Get 10 FREE entries for the Skoda \u26a1 BONUS SYSTEM Every ticket you purchase = 1 FREE Skoda entry Buy 1 \u2192 Get 1 FREE Buy 25 \u2192 Get 25 FREE Buy 100 \u2192 Get 100 FREE \u2705 No limits\u2705 No extra cost\u2705 Applied automatically \ud83c\udf9f\ufe0f ENTRY DETAILS Total entries available: 30,000 1 ticket = 1 entry Entries are allocated instantly after purchase \ud83d\ude97 THE PRIZE Skoda Octavia 2014 (RS Kit)A sporty and practical car, ideal for both daily driving and long trips. RS styling package Comfortable and spacious interior Efficient and reliable engine Perfect balance between performance and economy \u23f3 LIMITED TIME OFFER This is a limited-time campaign, and entries are capped. Once all 30,000 entries are sold, the competition will close and a winner will be drawn. \ud83c\udfc6 WINNER SELECTION The winner is selected randomly and fairly Draw takes place after all tickets are sold or the timer ends The process is transparent and verifiable \ud83d\udcf2 STAY CONNECTED Follow us on Instagram, TikTok, and FacebookJoin our Telegram group for updates, winners, and new competitions \u2757 IMPORTANT No purchase guarantees a win The more entries you have, the higher your chances Open to eligible participants only (see Terms &amp; Conditions)<\/p>","protected":false},"featured_media":2107,"template":"","meta":[],"product_brand":[],"product_cat":[21],"product_tag":[],"class_list":{"0":"post-84","1":"product","2":"type-product","3":"status-publish","4":"has-post-thumbnail","6":"product_cat-free","8":"first","9":"instock","10":"virtual","11":"purchasable","12":"product-type-lottery"},"jetpack_sharing_enabled":true,"_links":{"self":[{"href":"https:\/\/onegiveaways.com\/ro\/wp-json\/wp\/v2\/product\/84","targetHints":{"allow":["GET"]}}],"collection":[{"href":"https:\/\/onegiveaways.com\/ro\/wp-json\/wp\/v2\/product"}],"about":[{"href":"https:\/\/onegiveaways.com\/ro\/wp-json\/wp\/v2\/types\/product"}],"wp:featuredmedia":[{"embeddable":true,"href":"https:\/\/onegiveaways.com\/ro\/wp-json\/wp\/v2\/media\/2107"}],"wp:attachment":[{"href":"https:\/\/onegiveaways.com\/ro\/wp-json\/wp\/v2\/media?parent=84"}],"wp:term":[{"taxonomy":"product_brand","embeddable":true,"href":"https:\/\/onegiveaways.com\/ro\/wp-json\/wp\/v2\/product_brand?post=84"},{"taxonomy":"product_cat","embeddable":true,"href":"https:\/\/onegiveaways.com\/ro\/wp-json\/wp\/v2\/product_cat?post=84"},{"taxonomy":"product_tag","embeddable":true,"href":"https:\/\/onegiveaways.com\/ro\/wp-json\/wp\/v2\/product_tag?post=84"}],"curies":[{"name":"wp","href":"https:\/\/api.w.org\/{rel}","templated":true}]}}